{"id":2524,"date":"2025-09-14T10:32:23","date_gmt":"2025-09-14T08:32:23","guid":{"rendered":"https:\/\/nektart.com\/?page_id=2524"},"modified":"2025-09-14T18:12:56","modified_gmt":"2025-09-14T16:12:56","slug":"archives","status":"publish","type":"page","link":"https:\/\/nektart.com\/index.php\/archives\/","title":{"rendered":"Archives"},"content":{"rendered":"<div class=\"et_pb_section_0 et_pb_section et_section_regular et_block_section\">\n<div class=\"et_pb_row_0 et_pb_row et_pb_gutters1 et_block_row\">\n<div class=\"et_pb_column_0 et_pb_column et_pb_column_4_4 et-last-child et_block_column et_pb_css_mix_blend_mode_passthrough\">\n<div class=\"et_pb_text_0 et_pb_text et_pb_bg_layout_light et_pb_module et_flex_module\"><div class=\"et_pb_text_inner\"><h2 style=\"text-align: center;\">Archives<\/h2>\n<\/div><\/div>\n<\/div>\n<\/div>\n\n<div class=\"et_pb_row_1 et_pb_row et_flex_row\">\n<div class=\"et_pb_column_1 et_pb_column et-last-child et_flex_column et_pb_css_mix_blend_mode_passthrough et_flex_column_24_24 et_flex_column_24_24_phone et_flex_column_24_24_tabletWide et_flex_column_24_24_ultraWide\">\n<div class=\"et_pb_heading_0 et_pb_heading et_pb_module et_flex_module\"><div class=\"et_pb_heading_container\"><h1 class=\"et_pb_module_header\">IA g\u00e9n\u00e9rative et cr\u00e9ation visuelle : l'alliance strat\u00e9gique du futur<\/h1><\/div><\/div>\n\n<div class=\"et_pb_text_1 et_pb_text et_pb_bg_layout_light et_pb_module et_flex_module\"><\/div>\n<\/div>\n<\/div>\n\n<div class=\"et_pb_row_2 et_pb_row et_flex_row\">\n<div class=\"et_pb_column_2 et_pb_column et_flex_column et_pb_css_mix_blend_mode_passthrough et_flex_column_24_24 et_flex_column_24_24_phone et_flex_column_24_24_tabletWide et_flex_column_24_24_ultraWide\">\n<div class=\"et_pb_text_2 et_pb_text et_pb_bg_layout_light et_pb_module et_flex_module\"><div class=\"et_pb_text_inner\"><h4>Images &amp; vid\u00e9os<\/h4>\n<h3>\u00e9ditions<\/h3>\n<\/div><\/div>\n<\/div>\n\n<div class=\"et_pb_column_3 et_pb_column et_flex_column et_pb_css_mix_blend_mode_passthrough et_flex_column_24_24 et_flex_column_24_24_phone et_flex_column_24_24_ultraWide\" data-loop-item=\"0\">\n<div class=\"et_pb_row_3 et_pb_row et_pb_row_nested et_flex_row\">\n<div class=\"et_pb_column_4 et_pb_column et-last-child et_flex_column et_pb_css_mix_blend_mode_passthrough et_flex_column_24_24 et_flex_column_24_24_phone et_flex_column_24_24_tabletWide et_flex_column_24_24_ultraWide\">\n<div class=\"et_pb_image_0 et_pb_image et_pb_has_overlay et_pb_module et_flex_module\"><a href=\"https:\/\/nektart.com\/index.php\/project\/london-clan\/\"><span class=\"et_pb_image_wrap\"><img loading=\"lazy\" decoding=\"async\" src=\"https:\/\/nektart.com\/wp-content\/uploads\/2025\/09\/LC01-400x284.jpg\" title=\"LC01\" width=\"400\" height=\"284\" class=\"wp-image-2530\" \/><span class=\"et_overlay et_pb_inline_icon\" data-icon=\"I\"><\/span><\/span><\/a><\/div>\n\n<div class=\"et_pb_module et_pb_button_module_wrapper et_pb_button_0_wrapper\"><a class=\"et_pb_button_0 et_pb_button et_pb_bg_layout_light et_pb_module et_flex_module\" href=\"https:\/\/nektart.com\/index.php\/project\/london-clan\/\">London Clan<\/a><\/div>\n<\/div>\n<\/div>\n<\/div>\n\n<div class=\"et_pb_column_5 et_pb_column et-last-child et_flex_column et_pb_column_empty et_pb_css_mix_blend_mode_passthrough et_flex_column_24_24 et_flex_column_24_24_phone et_flex_column_24_24_tabletWide et_flex_column_24_24_ultraWide\"><\/div>\n<\/div>\n\n<div class=\"et_pb_row_4 et_pb_row et_flex_row\">\n<div class=\"et_pb_column_6 et_pb_column et_flex_column et_pb_css_mix_blend_mode_passthrough et_flex_column_24_24 et_flex_column_24_24_phone et_flex_column_24_24_tabletWide et_flex_column_24_24_ultraWide\">\n<div class=\"et_pb_text_3 et_pb_text et_pb_bg_layout_light et_pb_module et_flex_module\"><div class=\"et_pb_text_inner\"><h4>Images &amp; vid\u00e9os<\/h4>\n<h3>webdesign<\/h3>\n<\/div><\/div>\n<\/div>\n\n<div class=\"et_pb_column et_pb_column_7\"><div class=\"entry\"><h2 class=\"not-found-title\">No Results Found.<\/h2><p>The page you requested could not be found. Try refining your search, or use the navigation above to locate the post.<\/p><\/div><\/div>\n\n<div class=\"et_pb_column_9 et_pb_column et-last-child et_flex_column et_pb_column_empty et_pb_css_mix_blend_mode_passthrough et_flex_column_24_24 et_flex_column_24_24_phone et_flex_column_24_24_tabletWide et_flex_column_24_24_ultraWide\"><\/div>\n<\/div>\n\n<div class=\"et_pb_row_6 et_pb_row et_flex_row\">\n<div class=\"et_pb_column_10 et_pb_column et_flex_column et_pb_css_mix_blend_mode_passthrough et_flex_column_24_24 et_flex_column_24_24_phone et_flex_column_24_24_tabletWide et_flex_column_24_24_ultraWide\">\n<div class=\"et_pb_text_4 et_pb_text et_pb_bg_layout_light et_pb_module et_flex_module\"><div class=\"et_pb_text_inner\"><h4>Images &amp; vid\u00e9os<\/h4>\n<h3>vid\u00e9os<\/h3>\n<\/div><\/div>\n<\/div>\n\n<div class=\"et_pb_column et_pb_column_11\"><div class=\"entry\"><h2 class=\"not-found-title\">No Results Found.<\/h2><p>The page you requested could not be found. Try refining your search, or use the navigation above to locate the post.<\/p><\/div><\/div>\n\n<div class=\"et_pb_column_13 et_pb_column et-last-child et_flex_column et_pb_column_empty et_pb_css_mix_blend_mode_passthrough et_flex_column_24_24 et_flex_column_24_24_phone et_flex_column_24_24_tabletWide et_flex_column_24_24_ultraWide\"><\/div>\n<\/div>\n<\/div>","protected":false},"excerpt":{"rendered":"","protected":false},"author":1,"featured_media":0,"parent":0,"menu_order":0,"comment_status":"closed","ping_status":"closed","template":"","meta":{"footnotes":""},"class_list":["post-2524","page","type-page","status-publish","hentry"],"yoast_head":"<!-- This site is optimized with the Yoast SEO plugin v26.7 - https:\/\/yoast.com\/wordpress\/plugins\/seo\/ -->\n<title>Archives - Nektart<\/title>\n<meta name=\"robots\" content=\"index, follow, max-snippet:-1, max-image-preview:large, max-video-preview:-1\" \/>\n<link rel=\"canonical\" href=\"https:\/\/nektart.com\/index.php\/archives\/\" \/>\n<meta property=\"og:locale\" content=\"en_US\" \/>\n<meta property=\"og:type\" content=\"article\" \/>\n<meta property=\"og:title\" content=\"Archives - Nektart\" \/>\n<meta property=\"og:url\" content=\"https:\/\/nektart.com\/index.php\/archives\/\" \/>\n<meta property=\"og:site_name\" content=\"Nektart\" \/>\n<meta property=\"article:modified_time\" content=\"2025-09-14T16:12:56+00:00\" \/>\n<meta name=\"twitter:card\" content=\"summary_large_image\" \/>\n<script type=\"application\/ld+json\" class=\"yoast-schema-graph\">{\"@context\":\"https:\/\/schema.org\",\"@graph\":[{\"@type\":\"WebPage\",\"@id\":\"https:\/\/nektart.com\/index.php\/archives\/\",\"url\":\"https:\/\/nektart.com\/index.php\/archives\/\",\"name\":\"Archives - Nektart\",\"isPartOf\":{\"@id\":\"https:\/\/nektart.com\/#website\"},\"datePublished\":\"2025-09-14T08:32:23+00:00\",\"dateModified\":\"2025-09-14T16:12:56+00:00\",\"breadcrumb\":{\"@id\":\"https:\/\/nektart.com\/index.php\/archives\/#breadcrumb\"},\"inLanguage\":\"en-US\",\"potentialAction\":[{\"@type\":\"ReadAction\",\"target\":[\"https:\/\/nektart.com\/index.php\/archives\/\"]}]},{\"@type\":\"BreadcrumbList\",\"@id\":\"https:\/\/nektart.com\/index.php\/archives\/#breadcrumb\",\"itemListElement\":[{\"@type\":\"ListItem\",\"position\":1,\"name\":\"Home\",\"item\":\"https:\/\/nektart.com\/\"},{\"@type\":\"ListItem\",\"position\":2,\"name\":\"Archives\"}]},{\"@type\":\"WebSite\",\"@id\":\"https:\/\/nektart.com\/#website\",\"url\":\"https:\/\/nektart.com\/\",\"name\":\"Nektart\",\"description\":\"Dreaming Art\",\"publisher\":{\"@id\":\"https:\/\/nektart.com\/#organization\"},\"potentialAction\":[{\"@type\":\"SearchAction\",\"target\":{\"@type\":\"EntryPoint\",\"urlTemplate\":\"https:\/\/nektart.com\/?s={search_term_string}\"},\"query-input\":{\"@type\":\"PropertyValueSpecification\",\"valueRequired\":true,\"valueName\":\"search_term_string\"}}],\"inLanguage\":\"en-US\"},{\"@type\":\"Organization\",\"@id\":\"https:\/\/nektart.com\/#organization\",\"name\":\"Nektart\",\"url\":\"https:\/\/nektart.com\/\",\"logo\":{\"@type\":\"ImageObject\",\"inLanguage\":\"en-US\",\"@id\":\"https:\/\/nektart.com\/#\/schema\/logo\/image\/\",\"url\":\"https:\/\/nektart.com\/wp-content\/uploads\/2025\/04\/ico_nektart-1.png\",\"contentUrl\":\"https:\/\/nektart.com\/wp-content\/uploads\/2025\/04\/ico_nektart-1.png\",\"width\":236,\"height\":236,\"caption\":\"Nektart\"},\"image\":{\"@id\":\"https:\/\/nektart.com\/#\/schema\/logo\/image\/\"},\"sameAs\":[\"https:\/\/www.instagram.com\/_nektart_\/\"]}]}<\/script>\n<!-- \/ Yoast SEO plugin. -->","yoast_head_json":{"title":"Archives - Nektart","robots":{"index":"index","follow":"follow","max-snippet":"max-snippet:-1","max-image-preview":"max-image-preview:large","max-video-preview":"max-video-preview:-1"},"canonical":"https:\/\/nektart.com\/index.php\/archives\/","og_locale":"en_US","og_type":"article","og_title":"Archives - Nektart","og_url":"https:\/\/nektart.com\/index.php\/archives\/","og_site_name":"Nektart","article_modified_time":"2025-09-14T16:12:56+00:00","twitter_card":"summary_large_image","schema":{"@context":"https:\/\/schema.org","@graph":[{"@type":"WebPage","@id":"https:\/\/nektart.com\/index.php\/archives\/","url":"https:\/\/nektart.com\/index.php\/archives\/","name":"Archives - Nektart","isPartOf":{"@id":"https:\/\/nektart.com\/#website"},"datePublished":"2025-09-14T08:32:23+00:00","dateModified":"2025-09-14T16:12:56+00:00","breadcrumb":{"@id":"https:\/\/nektart.com\/index.php\/archives\/#breadcrumb"},"inLanguage":"en-US","potentialAction":[{"@type":"ReadAction","target":["https:\/\/nektart.com\/index.php\/archives\/"]}]},{"@type":"BreadcrumbList","@id":"https:\/\/nektart.com\/index.php\/archives\/#breadcrumb","itemListElement":[{"@type":"ListItem","position":1,"name":"Home","item":"https:\/\/nektart.com\/"},{"@type":"ListItem","position":2,"name":"Archives"}]},{"@type":"WebSite","@id":"https:\/\/nektart.com\/#website","url":"https:\/\/nektart.com\/","name":"Nektart","description":"Dreaming Art","publisher":{"@id":"https:\/\/nektart.com\/#organization"},"potentialAction":[{"@type":"SearchAction","target":{"@type":"EntryPoint","urlTemplate":"https:\/\/nektart.com\/?s={search_term_string}"},"query-input":{"@type":"PropertyValueSpecification","valueRequired":true,"valueName":"search_term_string"}}],"inLanguage":"en-US"},{"@type":"Organization","@id":"https:\/\/nektart.com\/#organization","name":"Nektart","url":"https:\/\/nektart.com\/","logo":{"@type":"ImageObject","inLanguage":"en-US","@id":"https:\/\/nektart.com\/#\/schema\/logo\/image\/","url":"https:\/\/nektart.com\/wp-content\/uploads\/2025\/04\/ico_nektart-1.png","contentUrl":"https:\/\/nektart.com\/wp-content\/uploads\/2025\/04\/ico_nektart-1.png","width":236,"height":236,"caption":"Nektart"},"image":{"@id":"https:\/\/nektart.com\/#\/schema\/logo\/image\/"},"sameAs":["https:\/\/www.instagram.com\/_nektart_\/"]}]}},"_links":{"self":[{"href":"https:\/\/nektart.com\/index.php\/wp-json\/wp\/v2\/pages\/2524","targetHints":{"allow":["GET"]}}],"collection":[{"href":"https:\/\/nektart.com\/index.php\/wp-json\/wp\/v2\/pages"}],"about":[{"href":"https:\/\/nektart.com\/index.php\/wp-json\/wp\/v2\/types\/page"}],"author":[{"embeddable":true,"href":"https:\/\/nektart.com\/index.php\/wp-json\/wp\/v2\/users\/1"}],"replies":[{"embeddable":true,"href":"https:\/\/nektart.com\/index.php\/wp-json\/wp\/v2\/comments?post=2524"}],"version-history":[{"count":9,"href":"https:\/\/nektart.com\/index.php\/wp-json\/wp\/v2\/pages\/2524\/revisions"}],"predecessor-version":[{"id":2541,"href":"https:\/\/nektart.com\/index.php\/wp-json\/wp\/v2\/pages\/2524\/revisions\/2541"}],"wp:attachment":[{"href":"https:\/\/nektart.com\/index.php\/wp-json\/wp\/v2\/media?parent=2524"}],"curies":[{"name":"wp","href":"https:\/\/api.w.org\/{rel}","templated":true}]}}