{"id":202,"date":"2025-05-22T13:41:30","date_gmt":"2025-05-22T11:41:30","guid":{"rendered":"https:\/\/dev.nektart.com\/?page_id=202"},"modified":"2026-01-20T09:29:37","modified_gmt":"2026-01-20T08:29:37","slug":"contact","status":"publish","type":"page","link":"https:\/\/nektart.com\/index.php\/contact\/","title":{"rendered":"Contact"},"content":{"rendered":"<div class=\"et_pb_section_0 et_pb_section et_section_regular et_block_section\">\n<div class=\"et_pb_row_0 et_pb_row et_block_row\">\n<div class=\"et_pb_column_0 et_pb_column et_pb_column_4_4 et-last-child et_block_column et_pb_css_mix_blend_mode_passthrough\">\n<div class=\"et_pb_row_1 et_pb_row et_pb_gutters1 et_pb_row_nested et_block_row\">\n<div class=\"et_pb_column_1 et_pb_column et_pb_column_4_4 et-last-child et_block_column et_pb_css_mix_blend_mode_passthrough\">\n<div class=\"et_pb_text_0 et_pb_text et_pb_bg_layout_light et_pb_module et_flex_module\"><div class=\"et_pb_text_inner\"><h2 style=\"text-align: center;\"><span>Contact<\/span><\/h2>\n<\/div><\/div>\n<\/div>\n<\/div>\n\n<div class=\"et_pb_text_1 et_pb_text et_pb_bg_layout_light et_pb_module et_flex_module\"><div class=\"et_pb_text_inner\"><h2>N'h\u00e9sitez pas \u00e0 nous contacter pour toute question ou conseil pour vos projets<\/h2>\n<\/div><\/div>\n<\/div>\n<\/div>\n\n<div class=\"et_pb_row_2 et_pb_row et_block_row\">\n<div class=\"et_pb_column_2 et_pb_column et_pb_column_4_4 et-last-child et_block_column et_pb_css_mix_blend_mode_passthrough\">\n<div class=\"et_pb_contact_form_0 et_pb_contact_form_container clearfix et_pb_module et_flex_module\" data-form_unique_num=\"0\" data-form_unique_id=\"7067d836e5cc6b8d0df5f1ee01accc26\" id=\"et_pb_contact_form_7067d836e5cc6b8d0df5f1ee01accc26\"><div class=\"et-pb-contact-message\"><\/div><div class=\"et_pb_contact\"><form class=\"et_pb_contact_form et_flex_module\" method=\"post\" action=\"https:\/\/nektart.com\/index.php\/wp-json\/wp\/v2\/pages\/202\">\n<div class=\"et_pb_contact_field_0 et_pb_contact_field has-background et_pb_module et_flex_module et_flex_column_24_24 et_flex_column_24_24_phone et_flex_column_24_24_tabletWide et_flex_column_24_24_ultraWide\" data-id=\"name\" data-type=\"input\"><label class=\"et_pb_contact_form_label\">Nom<\/label><input type=\"text\" name=\"et_pb_contact_0_name_0\" id=\"et_pb_contact_0_name_0\" class=\"input\" data-required_mark=\"required\" data-field_type=\"input\" data-original_id=\"name\" placeholder=\"Nom\" title=\"\" value=\"\" \/><\/div>\n\n<div class=\"et_pb_contact_field_1 et_pb_contact_field has-background et_pb_module et_flex_module et_flex_column_24_24 et_flex_column_24_24_phone et_flex_column_24_24_tabletWide et_flex_column_24_24_ultraWide\" data-id=\"email\" data-type=\"email\"><label class=\"et_pb_contact_form_label\">Adresse Email<\/label><input type=\"text\" name=\"et_pb_contact_0_email_1\" id=\"et_pb_contact_0_email_1\" class=\"input\" data-required_mark=\"required\" data-field_type=\"email\" data-original_id=\"email\" placeholder=\"Adresse Email\" title=\"\" value=\"\" \/><\/div>\n\n<div class=\"et_pb_contact_field_2 et_pb_contact_field has-background et_pb_module et_flex_module et_flex_column_24_24 et_flex_column_24_24_phone et_flex_column_24_24_tabletWide et_flex_column_24_24_ultraWide\" data-id=\"message\" data-type=\"text\"><label class=\"et_pb_contact_form_label\">Message<\/label><textarea name=\"et_pb_contact_0_message_2\" id=\"et_pb_contact_0_message_2\" class=\"et_pb_contact_message input\" data-required_mark=\"required\" data-field_type=\"text\" data-original_id=\"message\" placeholder=\"Message\"><\/textarea><\/div>\n<input type=\"hidden\" name=\"et_pb_contactform_submit_7067d836e5cc6b8d0df5f1ee01accc26\" value=\"et_contact_proccess\" \/><div class=\"et_contact_bottom_container\"><div class=\"et_pb_contact_right et_pb_contact_field\"><p class=\"clearfix\"><span class=\"et_pb_contact_captcha_question\">13 + 3<\/span> = <input type=\"text\" size=\"2\" class=\"input et_pb_contact_captcha\" data-first_digit=\"13\" data-second_digit=\"3\" data-required_mark=\"required\" name=\"et_pb_contact_captcha_7067d836e5cc6b8d0df5f1ee01accc26\" autocomplete=\"off\" \/><\/p><\/div><div class=\"et_pb_button_wrapper\"><button type=\"submit\" name=\"et_builder_submit_button\" class=\"et_pb_button et_pb_contact_submit\">Envoyer<\/button><\/div><\/div><input type=\"hidden\" id=\"_wpnonce-et-pb-contact-form-submitted-7067d836e5cc6b8d0df5f1ee01accc26\" name=\"_wpnonce-et-pb-contact-form-submitted-7067d836e5cc6b8d0df5f1ee01accc26\" value=\"25972ad0a7\" \/><input type=\"hidden\" name=\"_wp_http_referer\" value=\"\/index.php\/wp-json\/wp\/v2\/pages\/202\" \/><\/form><\/div><\/div>\n<\/div>\n<\/div>\n<\/div>","protected":false},"excerpt":{"rendered":"","protected":false},"author":1,"featured_media":0,"parent":0,"menu_order":0,"comment_status":"closed","ping_status":"closed","template":"","meta":{"footnotes":""},"class_list":["post-202","page","type-page","status-publish","hentry"],"yoast_head":"<!-- This site is optimized with the Yoast SEO plugin v26.7 - https:\/\/yoast.com\/wordpress\/plugins\/seo\/ -->\n<title>Contact - Nektart<\/title>\n<meta name=\"description\" content=\"Une id\u00e9e ? Un projet ? Contactez Nektart pour vos besoins en design 3D, IA g\u00e9n\u00e9rative et communication scientifique. Discutons ensemble pour donner vie \u00e0 vos visuels.\" \/>\n<meta name=\"robots\" content=\"index, follow, max-snippet:-1, max-image-preview:large, max-video-preview:-1\" \/>\n<link rel=\"canonical\" href=\"https:\/\/nektart.com\/index.php\/contact\/\" \/>\n<meta property=\"og:locale\" content=\"en_US\" \/>\n<meta property=\"og:type\" content=\"article\" \/>\n<meta property=\"og:title\" content=\"Contact - Nektart\" \/>\n<meta property=\"og:description\" content=\"Une id\u00e9e ? Un projet ? Contactez Nektart pour vos besoins en design 3D, IA g\u00e9n\u00e9rative et communication scientifique. Discutons ensemble pour donner vie \u00e0 vos visuels.\" \/>\n<meta property=\"og:url\" content=\"https:\/\/nektart.com\/index.php\/contact\/\" \/>\n<meta property=\"og:site_name\" content=\"Nektart\" \/>\n<meta property=\"article:modified_time\" content=\"2026-01-20T08:29:37+00:00\" \/>\n<meta name=\"twitter:card\" content=\"summary_large_image\" \/>\n<script type=\"application\/ld+json\" class=\"yoast-schema-graph\">{\"@context\":\"https:\/\/schema.org\",\"@graph\":[{\"@type\":\"WebPage\",\"@id\":\"https:\/\/nektart.com\/index.php\/contact\/\",\"url\":\"https:\/\/nektart.com\/index.php\/contact\/\",\"name\":\"Contact - Nektart\",\"isPartOf\":{\"@id\":\"https:\/\/nektart.com\/#website\"},\"datePublished\":\"2025-05-22T11:41:30+00:00\",\"dateModified\":\"2026-01-20T08:29:37+00:00\",\"description\":\"Une id\u00e9e ? Un projet ? Contactez Nektart pour vos besoins en design 3D, IA g\u00e9n\u00e9rative et communication scientifique. Discutons ensemble pour donner vie \u00e0 vos visuels.\",\"breadcrumb\":{\"@id\":\"https:\/\/nektart.com\/index.php\/contact\/#breadcrumb\"},\"inLanguage\":\"en-US\",\"potentialAction\":[{\"@type\":\"ReadAction\",\"target\":[\"https:\/\/nektart.com\/index.php\/contact\/\"]}]},{\"@type\":\"BreadcrumbList\",\"@id\":\"https:\/\/nektart.com\/index.php\/contact\/#breadcrumb\",\"itemListElement\":[{\"@type\":\"ListItem\",\"position\":1,\"name\":\"Home\",\"item\":\"https:\/\/nektart.com\/\"},{\"@type\":\"ListItem\",\"position\":2,\"name\":\"Contact\"}]},{\"@type\":\"WebSite\",\"@id\":\"https:\/\/nektart.com\/#website\",\"url\":\"https:\/\/nektart.com\/\",\"name\":\"Nektart\",\"description\":\"Dreaming Art\",\"publisher\":{\"@id\":\"https:\/\/nektart.com\/#organization\"},\"potentialAction\":[{\"@type\":\"SearchAction\",\"target\":{\"@type\":\"EntryPoint\",\"urlTemplate\":\"https:\/\/nektart.com\/?s={search_term_string}\"},\"query-input\":{\"@type\":\"PropertyValueSpecification\",\"valueRequired\":true,\"valueName\":\"search_term_string\"}}],\"inLanguage\":\"en-US\"},{\"@type\":\"Organization\",\"@id\":\"https:\/\/nektart.com\/#organization\",\"name\":\"Nektart\",\"url\":\"https:\/\/nektart.com\/\",\"logo\":{\"@type\":\"ImageObject\",\"inLanguage\":\"en-US\",\"@id\":\"https:\/\/nektart.com\/#\/schema\/logo\/image\/\",\"url\":\"https:\/\/nektart.com\/wp-content\/uploads\/2025\/04\/ico_nektart-1.png\",\"contentUrl\":\"https:\/\/nektart.com\/wp-content\/uploads\/2025\/04\/ico_nektart-1.png\",\"width\":236,\"height\":236,\"caption\":\"Nektart\"},\"image\":{\"@id\":\"https:\/\/nektart.com\/#\/schema\/logo\/image\/\"},\"sameAs\":[\"https:\/\/www.instagram.com\/_nektart_\/\"]}]}<\/script>\n<!-- \/ Yoast SEO plugin. -->","yoast_head_json":{"title":"Contact - Nektart","description":"Une id\u00e9e ? Un projet ? Contactez Nektart pour vos besoins en design 3D, IA g\u00e9n\u00e9rative et communication scientifique. Discutons ensemble pour donner vie \u00e0 vos visuels.","robots":{"index":"index","follow":"follow","max-snippet":"max-snippet:-1","max-image-preview":"max-image-preview:large","max-video-preview":"max-video-preview:-1"},"canonical":"https:\/\/nektart.com\/index.php\/contact\/","og_locale":"en_US","og_type":"article","og_title":"Contact - Nektart","og_description":"Une id\u00e9e ? Un projet ? Contactez Nektart pour vos besoins en design 3D, IA g\u00e9n\u00e9rative et communication scientifique. Discutons ensemble pour donner vie \u00e0 vos visuels.","og_url":"https:\/\/nektart.com\/index.php\/contact\/","og_site_name":"Nektart","article_modified_time":"2026-01-20T08:29:37+00:00","twitter_card":"summary_large_image","schema":{"@context":"https:\/\/schema.org","@graph":[{"@type":"WebPage","@id":"https:\/\/nektart.com\/index.php\/contact\/","url":"https:\/\/nektart.com\/index.php\/contact\/","name":"Contact - Nektart","isPartOf":{"@id":"https:\/\/nektart.com\/#website"},"datePublished":"2025-05-22T11:41:30+00:00","dateModified":"2026-01-20T08:29:37+00:00","description":"Une id\u00e9e ? Un projet ? Contactez Nektart pour vos besoins en design 3D, IA g\u00e9n\u00e9rative et communication scientifique. Discutons ensemble pour donner vie \u00e0 vos visuels.","breadcrumb":{"@id":"https:\/\/nektart.com\/index.php\/contact\/#breadcrumb"},"inLanguage":"en-US","potentialAction":[{"@type":"ReadAction","target":["https:\/\/nektart.com\/index.php\/contact\/"]}]},{"@type":"BreadcrumbList","@id":"https:\/\/nektart.com\/index.php\/contact\/#breadcrumb","itemListElement":[{"@type":"ListItem","position":1,"name":"Home","item":"https:\/\/nektart.com\/"},{"@type":"ListItem","position":2,"name":"Contact"}]},{"@type":"WebSite","@id":"https:\/\/nektart.com\/#website","url":"https:\/\/nektart.com\/","name":"Nektart","description":"Dreaming Art","publisher":{"@id":"https:\/\/nektart.com\/#organization"},"potentialAction":[{"@type":"SearchAction","target":{"@type":"EntryPoint","urlTemplate":"https:\/\/nektart.com\/?s={search_term_string}"},"query-input":{"@type":"PropertyValueSpecification","valueRequired":true,"valueName":"search_term_string"}}],"inLanguage":"en-US"},{"@type":"Organization","@id":"https:\/\/nektart.com\/#organization","name":"Nektart","url":"https:\/\/nektart.com\/","logo":{"@type":"ImageObject","inLanguage":"en-US","@id":"https:\/\/nektart.com\/#\/schema\/logo\/image\/","url":"https:\/\/nektart.com\/wp-content\/uploads\/2025\/04\/ico_nektart-1.png","contentUrl":"https:\/\/nektart.com\/wp-content\/uploads\/2025\/04\/ico_nektart-1.png","width":236,"height":236,"caption":"Nektart"},"image":{"@id":"https:\/\/nektart.com\/#\/schema\/logo\/image\/"},"sameAs":["https:\/\/www.instagram.com\/_nektart_\/"]}]}},"_links":{"self":[{"href":"https:\/\/nektart.com\/index.php\/wp-json\/wp\/v2\/pages\/202","targetHints":{"allow":["GET"]}}],"collection":[{"href":"https:\/\/nektart.com\/index.php\/wp-json\/wp\/v2\/pages"}],"about":[{"href":"https:\/\/nektart.com\/index.php\/wp-json\/wp\/v2\/types\/page"}],"author":[{"embeddable":true,"href":"https:\/\/nektart.com\/index.php\/wp-json\/wp\/v2\/users\/1"}],"replies":[{"embeddable":true,"href":"https:\/\/nektart.com\/index.php\/wp-json\/wp\/v2\/comments?post=202"}],"version-history":[{"count":29,"href":"https:\/\/nektart.com\/index.php\/wp-json\/wp\/v2\/pages\/202\/revisions"}],"predecessor-version":[{"id":2421,"href":"https:\/\/nektart.com\/index.php\/wp-json\/wp\/v2\/pages\/202\/revisions\/2421"}],"wp:attachment":[{"href":"https:\/\/nektart.com\/index.php\/wp-json\/wp\/v2\/media?parent=202"}],"curies":[{"name":"wp","href":"https:\/\/api.w.org\/{rel}","templated":true}]}}