{"id":1233,"date":"2025-05-22T13:16:45","date_gmt":"2025-05-22T11:16:45","guid":{"rendered":"https:\/\/dev.nektart.com\/?page_id=1233"},"modified":"2026-01-20T09:32:50","modified_gmt":"2026-01-20T08:32:50","slug":"services","status":"publish","type":"page","link":"https:\/\/nektart.com\/index.php\/services\/","title":{"rendered":"Services"},"content":{"rendered":"<div class=\"et_pb_section_0 et_pb_section et_section_regular et_block_section\">\n<div class=\"et_pb_row_0 et_pb_row et_pb_gutters1 et_block_row\">\n<div class=\"et_pb_column_0 et_pb_column et_pb_column_4_4 et-last-child et_block_column et_pb_css_mix_blend_mode_passthrough\">\n<div class=\"et_pb_text_0 et_pb_text et_pb_bg_layout_light et_pb_module et_block_module\"><div class=\"et_pb_text_inner\"><h2>Services<\/h2>\n<\/div><\/div>\n<\/div>\n<\/div>\n\n<div class=\"et_pb_row_1 et_pb_row et_flex_row\">\n<div class=\"et_pb_column_1 et_pb_column et-last-child et_flex_column et_pb_css_mix_blend_mode_passthrough et_flex_column_24_24 et_flex_column_24_24_phone et_flex_column_24_24_tabletWide et_flex_column_24_24_ultraWide\">\n<div class=\"et_pb_text_1 et_pb_text et_pb_bg_layout_light et_pb_module et_block_module\"><div class=\"et_pb_text_inner\"><h2>Des univers visuels uniques qui allient science, <br \/>3D et innovation g\u00e9n\u00e9rative pour capter l\u2019attention et stimuler l\u2019imaginaire.<\/h2>\n<\/div><\/div>\n<\/div>\n<\/div>\n\n<div class=\"et_pb_row_2 et_pb_row et_flex_row\">\n<div class=\"et_pb_column_2 et_pb_column et_flex_column et_pb_css_mix_blend_mode_passthrough et-interaction-target-1wzk22b9x9 et_flex_column_24_24 et_flex_column_24_24_phone et_flex_column_24_24_tabletWide et_flex_column_24_24_ultraWide\" data-interaction-trigger=\"g0q3sdeadm\" data-interaction-target=\"1wzk22b9x9\">\n<div class=\"et_pb_group_0 et_pb_group et-last-child et_pb_module et_flex_group et_pb_css_mix_blend_mode_passthrough\">\n<div class=\"et_pb_image_0 et_pb_image et_pb_module et_block_module\"><span class=\"et_pb_image_wrap\"><img loading=\"lazy\" decoding=\"async\" src=\"https:\/\/nektart.com\/wp-content\/uploads\/2025\/08\/artificial_flower01-scaled.png\" width=\"2560\" height=\"1419\" srcset=\"https:\/\/nektart.com\/wp-content\/uploads\/2025\/08\/artificial_flower01-scaled.png 2560w, https:\/\/nektart.com\/wp-content\/uploads\/2025\/08\/artificial_flower01-1280x710.png 1280w, https:\/\/nektart.com\/wp-content\/uploads\/2025\/08\/artificial_flower01-980x543.png 980w, https:\/\/nektart.com\/wp-content\/uploads\/2025\/08\/artificial_flower01-480x266.png 480w\" sizes=\"(min-width: 0px) and (max-width: 480px) 480px, (min-width: 481px) and (max-width: 980px) 980px, (min-width: 981px) and (max-width: 1280px) 1280px, (min-width: 1281px) 2560px, 100vw\" class=\"wp-image-1848\" \/><\/span><\/div>\n\n<div class=\"et_pb_heading_0 et_pb_heading et_pb_module et_block_module\"><div class=\"et_pb_heading_container\"><h2 class=\"et_pb_module_header\">AI g\u00e9n\u00e9rative<\/h2><\/div><\/div>\n\n<div class=\"et_pb_text_2 et_pb_text et_pb_bg_layout_light et_pb_module et_block_module\"><div class=\"et_pb_text_inner\"><h5>Explorer de nouvelles formes<\/h5>\n<h5>visuelles<\/h5>\n<p>Production de visuels in\u00e9dits par IA g\u00e9n\u00e9rative, d\u00e9veloppement de nouvelles approches esth\u00e9tiques pour des projets innovants et exp\u00e9rimentaux.<\/p>\n<\/div><\/div>\n\n<div class=\"et_pb_module et_pb_button_module_wrapper et_pb_button_0_wrapper\"><a class=\"et_pb_button_0 et_pb_button et_pb_bg_layout_light et_pb_module et_block_module\" href=\"https:\/\/nektart.com\/?project=ai-generative\">En savoir plus<\/a><\/div>\n<\/div>\n<\/div>\n\n<div class=\"et_pb_column_3 et_pb_column et_flex_column et_pb_css_mix_blend_mode_passthrough et-interaction-target-nrdendz17m et_flex_column_24_24 et_flex_column_24_24_phone et_flex_column_24_24_tabletWide et_flex_column_24_24_ultraWide\" data-interaction-trigger=\"cs89kd8bsk\" data-interaction-target=\"nrdendz17m\">\n<div class=\"et_pb_group_1 et_pb_group et-last-child et_pb_module et_flex_group et_pb_css_mix_blend_mode_passthrough\">\n<div class=\"et_pb_image_1 et_pb_image et_pb_module et_block_module\"><span class=\"et_pb_image_wrap\"><img loading=\"lazy\" decoding=\"async\" src=\"https:\/\/nektart.com\/wp-content\/uploads\/2025\/08\/u7838757135_a_can_of_beer_with_moss_and_plants_growing_on_it__4ada80be-01b6-430d-957a-963f29ad22e0_3.png\" width=\"1456\" height=\"816\" srcset=\"https:\/\/nektart.com\/wp-content\/uploads\/2025\/08\/u7838757135_a_can_of_beer_with_moss_and_plants_growing_on_it__4ada80be-01b6-430d-957a-963f29ad22e0_3.png 1456w, https:\/\/nektart.com\/wp-content\/uploads\/2025\/08\/u7838757135_a_can_of_beer_with_moss_and_plants_growing_on_it__4ada80be-01b6-430d-957a-963f29ad22e0_3-1280x717.png 1280w, https:\/\/nektart.com\/wp-content\/uploads\/2025\/08\/u7838757135_a_can_of_beer_with_moss_and_plants_growing_on_it__4ada80be-01b6-430d-957a-963f29ad22e0_3-980x549.png 980w, https:\/\/nektart.com\/wp-content\/uploads\/2025\/08\/u7838757135_a_can_of_beer_with_moss_and_plants_growing_on_it__4ada80be-01b6-430d-957a-963f29ad22e0_3-480x269.png 480w\" sizes=\"(min-width: 0px) and (max-width: 480px) 480px, (min-width: 481px) and (max-width: 980px) 980px, (min-width: 981px) and (max-width: 1280px) 1280px, (min-width: 1281px) 1456px, 100vw\" class=\"wp-image-1914\" \/><\/span><\/div>\n\n<div class=\"et_pb_heading_1 et_pb_heading et_pb_module et_block_module\"><div class=\"et_pb_heading_container\"><h2 class=\"et_pb_module_header\">3d Lookdev<\/h2><\/div><\/div>\n\n<div class=\"et_pb_text_3 et_pb_text et_pb_bg_layout_light et_pb_module et_block_module\"><div class=\"et_pb_text_inner\"><h5>Concevoir et cr\u00e9er des<\/h5>\n<h5>nouveaux univers<\/h5>\n<p>Conception et cr\u00e9ation d'univers visuels sur mesure, du d\u00e9veloppement artistique au rendu final, pour donner forme \u00e0 vos id\u00e9es les plus ambitieuses.<\/p>\n<\/div><\/div>\n\n<div class=\"et_pb_module et_pb_button_module_wrapper et_pb_button_1_wrapper\"><a class=\"et_pb_button_1 et_pb_button et_pb_bg_layout_light et_pb_module et_block_module\" href=\"https:\/\/nektart.com\/?project=creation-3d\">En savoir plus<\/a><\/div>\n<\/div>\n<\/div>\n\n<div class=\"et_pb_column_4 et_pb_column et-last-child et_flex_column et_pb_css_mix_blend_mode_passthrough et-interaction-target-8gcwg8acs0 et_flex_column_24_24 et_flex_column_24_24_phone et_flex_column_24_24_tabletWide et_flex_column_24_24_ultraWide\" data-interaction-trigger=\"mkg47zl6pf\" data-interaction-target=\"8gcwg8acs0\">\n<div class=\"et_pb_group_2 et_pb_group et-last-child et_pb_module et_flex_group et_pb_css_mix_blend_mode_passthrough\">\n<div class=\"et_pb_image_2 et_pb_image et_pb_module et_block_module\"><span class=\"et_pb_image_wrap\"><img loading=\"lazy\" decoding=\"async\" src=\"https:\/\/nektart.com\/wp-content\/uploads\/2025\/08\/cell_cancer_vue02-1.jpg\" width=\"1920\" height=\"1080\" srcset=\"https:\/\/nektart.com\/wp-content\/uploads\/2025\/08\/cell_cancer_vue02-1.jpg 1920w, https:\/\/nektart.com\/wp-content\/uploads\/2025\/08\/cell_cancer_vue02-1-1280x720.jpg 1280w, https:\/\/nektart.com\/wp-content\/uploads\/2025\/08\/cell_cancer_vue02-1-980x551.jpg 980w, https:\/\/nektart.com\/wp-content\/uploads\/2025\/08\/cell_cancer_vue02-1-480x270.jpg 480w\" sizes=\"(min-width: 0px) and (max-width: 480px) 480px, (min-width: 481px) and (max-width: 980px) 980px, (min-width: 981px) and (max-width: 1280px) 1280px, (min-width: 1281px) 1920px, 100vw\" class=\"wp-image-1812\" \/><\/span><\/div>\n\n<div class=\"et_pb_heading_2 et_pb_heading et_pb_module et_block_module\"><div class=\"et_pb_heading_container\"><h2 class=\"et_pb_module_header\">Images scientifiques<\/h2><\/div><\/div>\n\n<div class=\"et_pb_text_4 et_pb_text et_pb_bg_layout_light et_pb_module et_block_module\"><div class=\"et_pb_text_inner\"><h5>R\u00e9v\u00e9ler la beaut\u00e9<\/h5>\n<h5>de l'invisible<\/h5>\n<p>Cr\u00e9ation de films et illustrations qui traduisent l'invisible en visuels clairs et compr\u00e9hensibles, facilitant la transmission des connaissances en recherche, enseignement et communication.<\/p>\n<\/div><\/div>\n\n<div class=\"et_pb_module et_pb_button_module_wrapper et_pb_button_2_wrapper\"><a class=\"et_pb_button_2 et_pb_button et_pb_bg_layout_light et_pb_module et_block_module\" href=\"https:\/\/nektart.com\/?project=images-scientifiques\">En savoir plus<\/a><\/div>\n<\/div>\n<\/div>\n<\/div>\n\n<div class=\"et_pb_row_3 et_pb_row et_flex_row\">\n<div class=\"et_pb_column_5 et_pb_column et_flex_column et_pb_css_mix_blend_mode_passthrough et_flex_column_12_24 et_flex_column_24_24_phone et_flex_column_12_24_tabletWide et_flex_column_12_24_ultraWide\">\n<div class=\"et_pb_row_4 et_pb_row et_pb_row_nested et_flex_row et-interaction-target-7ahl4upydr\" data-interaction-trigger=\"xb11izwv3r\" data-interaction-target=\"7ahl4upydr\">\n<div class=\"et_pb_column_6 et_pb_column et_flex_column et_pb_css_mix_blend_mode_passthrough et_flex_column_2_5 et_flex_column_24_24_phone et_flex_column_2_5_tabletWide et_flex_column_2_5_ultraWide\">\n<div class=\"et_pb_image_3 et_pb_image et_pb_module et_block_module\"><span class=\"et_pb_image_wrap\"><img loading=\"lazy\" decoding=\"async\" src=\"https:\/\/nektart.com\/wp-content\/uploads\/2025\/11\/imprimante02.png\" width=\"776\" height=\"776\" srcset=\"https:\/\/nektart.com\/wp-content\/uploads\/2025\/11\/imprimante02.png 776w, https:\/\/nektart.com\/wp-content\/uploads\/2025\/11\/imprimante02-480x480.png 480w\" sizes=\"(min-width: 0px) and (max-width: 480px) 480px, (min-width: 481px) 776px, 100vw\" class=\"wp-image-2715\" title=\"abstract background04\" \/><\/span><\/div>\n<\/div>\n\n<div class=\"et_pb_column_7 et_pb_column et-last-child et_flex_column et_pb_css_mix_blend_mode_passthrough et_flex_column_3_5 et_flex_column_24_24_phone et_flex_column_3_5_tabletWide et_flex_column_3_5_ultraWide\">\n<div class=\"et_pb_text_5 et_pb_text et_pb_bg_layout_light et_pb_module et_block_module\"><div class=\"et_pb_text_inner\"><h3>L'impression murale<\/h3>\n<h5>L'innovation au service de <br \/>vos murs<\/h5>\n<p>Apportez cr\u00e9ativit\u00e9 et modernit\u00e9 \u00e0 vos surfaces gr\u00e2ce \u00e0 notre technologie d'impression murale. Un rendu parfait, rapide et durable pour appliquer vos visuels sur tous types de supports.\u00a0<\/p>\n<\/div><\/div>\n\n<div class=\"et_pb_module et_pb_button_module_wrapper et_pb_button_3_wrapper\"><a class=\"et_pb_button_3 et_pb_button et_pb_bg_layout_light et_pb_module et_block_module\" href=\"https:\/\/nektart.com\/?project=impression-verticale\">En savoir plus<\/a><\/div>\n<\/div>\n<\/div>\n<\/div>\n\n<div class=\"et_pb_column_8 et_pb_column et-last-child et_flex_column et_pb_css_mix_blend_mode_passthrough et_flex_column_12_24 et_flex_column_24_24_phone et_flex_column_12_24_tabletWide et_flex_column_12_24_ultraWide\">\n<div class=\"et_pb_row_5 et_pb_row et_pb_row_nested et_flex_row et-interaction-target-j8gas6y94f\" data-interaction-trigger=\"1np6gxm8uq\" data-interaction-target=\"j8gas6y94f\">\n<div class=\"et_pb_column_9 et_pb_column et_flex_column et_pb_css_mix_blend_mode_passthrough et_flex_column_2_5 et_flex_column_24_24_phone et_flex_column_2_5_tabletWide et_flex_column_2_5_ultraWide\">\n<div class=\"et_pb_image_4 et_pb_image et_pb_module et_block_module\"><span class=\"et_pb_image_wrap\"><img loading=\"lazy\" decoding=\"async\" src=\"https:\/\/nektart.com\/wp-content\/uploads\/2025\/09\/abstract-background04.png\" width=\"1024\" height=\"1024\" srcset=\"https:\/\/nektart.com\/wp-content\/uploads\/2025\/09\/abstract-background04.png 1024w, https:\/\/nektart.com\/wp-content\/uploads\/2025\/09\/abstract-background04-980x980.png 980w, https:\/\/nektart.com\/wp-content\/uploads\/2025\/09\/abstract-background04-480x480.png 480w\" sizes=\"(min-width: 0px) and (max-width: 480px) 480px, (min-width: 481px) and (max-width: 980px) 980px, (min-width: 981px) 1024px, 100vw\" class=\"wp-image-2494\" title=\"abstract background04\" \/><\/span><\/div>\n<\/div>\n\n<div class=\"et_pb_column_10 et_pb_column et-last-child et_flex_column et_pb_css_mix_blend_mode_passthrough et_flex_column_3_5 et_flex_column_24_24_phone et_flex_column_3_5_tabletWide et_flex_column_3_5_ultraWide\">\n<div class=\"et_pb_text_6 et_pb_text et_pb_bg_layout_light et_pb_module et_block_module\"><div class=\"et_pb_text_inner\"><h3>Conf\u00e9rence IA g\u00e9n\u00e9rative<\/h3>\n<h5>Int\u00e9grer l'intelligence artificielle<\/h5>\n<p>Accompagner les entreprises dans l'adoption des outils IA pour la communication visuelle. Formations pratiques et conf\u00e9rences sur l'int\u00e9gration des technologies g\u00e9n\u00e9ratives.<\/p>\n<\/div><\/div>\n\n<div class=\"et_pb_module et_pb_button_module_wrapper et_pb_button_4_wrapper\"><a class=\"et_pb_button_4 et_pb_button et_pb_bg_layout_light et_pb_module et_block_module\" href=\"\">En savoir plus<\/a><\/div>\n<\/div>\n<\/div>\n<\/div>\n<\/div>\n\n<div class=\"et_pb_row_6 et_pb_row et_flex_row\">\n<div class=\"et_pb_column_11 et_pb_column et-last-child et_flex_column et_pb_css_mix_blend_mode_passthrough et_flex_column_24_24 et_flex_column_24_24_phone et_flex_column_24_24_tabletWide et_flex_column_24_24_ultraWide\">\n<div class=\"et_pb_module et_pb_button_module_wrapper et_pb_button_5_wrapper\"><a class=\"et_pb_button_5 et_pb_button et_pb_bg_layout_light et_pb_module et_block_module\" href=\"https:\/\/nektart.com\/index.php\/202-2\/\">Contactez-nous<\/a><\/div>\n<\/div>\n<\/div>\n<\/div>","protected":false},"excerpt":{"rendered":"","protected":false},"author":1,"featured_media":0,"parent":0,"menu_order":0,"comment_status":"closed","ping_status":"closed","template":"","meta":{"footnotes":""},"class_list":["post-1233","page","type-page","status-publish","hentry"],"yoast_head":"<!-- This site is optimized with the Yoast SEO plugin v26.7 - https:\/\/yoast.com\/wordpress\/plugins\/seo\/ -->\n<title>Services - Nektart<\/title>\n<meta name=\"description\" content=\"D\u00e9couvrez les services de Nektart : IA g\u00e9n\u00e9rative, 3D Lookdev, imagerie scientifique et impression murale. Des solutions visuelles innovantes pour les entreprises et la recherche.\" \/>\n<meta name=\"robots\" content=\"index, follow, max-snippet:-1, max-image-preview:large, max-video-preview:-1\" \/>\n<link rel=\"canonical\" href=\"https:\/\/nektart.com\/index.php\/services\/\" \/>\n<meta property=\"og:locale\" content=\"en_US\" \/>\n<meta property=\"og:type\" content=\"article\" \/>\n<meta property=\"og:title\" content=\"Services - Nektart\" \/>\n<meta property=\"og:description\" content=\"D\u00e9couvrez les services de Nektart : IA g\u00e9n\u00e9rative, 3D Lookdev, imagerie scientifique et impression murale. Des solutions visuelles innovantes pour les entreprises et la recherche.\" \/>\n<meta property=\"og:url\" content=\"https:\/\/nektart.com\/index.php\/services\/\" \/>\n<meta property=\"og:site_name\" content=\"Nektart\" \/>\n<meta property=\"article:modified_time\" content=\"2026-01-20T08:32:50+00:00\" \/>\n<meta name=\"twitter:card\" content=\"summary_large_image\" \/>\n<script type=\"application\/ld+json\" class=\"yoast-schema-graph\">{\"@context\":\"https:\/\/schema.org\",\"@graph\":[{\"@type\":\"WebPage\",\"@id\":\"https:\/\/nektart.com\/index.php\/services\/\",\"url\":\"https:\/\/nektart.com\/index.php\/services\/\",\"name\":\"Services - Nektart\",\"isPartOf\":{\"@id\":\"https:\/\/nektart.com\/#website\"},\"datePublished\":\"2025-05-22T11:16:45+00:00\",\"dateModified\":\"2026-01-20T08:32:50+00:00\",\"description\":\"D\u00e9couvrez les services de Nektart : IA g\u00e9n\u00e9rative, 3D Lookdev, imagerie scientifique et impression murale. Des solutions visuelles innovantes pour les entreprises et la recherche.\",\"breadcrumb\":{\"@id\":\"https:\/\/nektart.com\/index.php\/services\/#breadcrumb\"},\"inLanguage\":\"en-US\",\"potentialAction\":[{\"@type\":\"ReadAction\",\"target\":[\"https:\/\/nektart.com\/index.php\/services\/\"]}]},{\"@type\":\"BreadcrumbList\",\"@id\":\"https:\/\/nektart.com\/index.php\/services\/#breadcrumb\",\"itemListElement\":[{\"@type\":\"ListItem\",\"position\":1,\"name\":\"Home\",\"item\":\"https:\/\/nektart.com\/\"},{\"@type\":\"ListItem\",\"position\":2,\"name\":\"Services\"}]},{\"@type\":\"WebSite\",\"@id\":\"https:\/\/nektart.com\/#website\",\"url\":\"https:\/\/nektart.com\/\",\"name\":\"Nektart\",\"description\":\"Dreaming Art\",\"publisher\":{\"@id\":\"https:\/\/nektart.com\/#organization\"},\"potentialAction\":[{\"@type\":\"SearchAction\",\"target\":{\"@type\":\"EntryPoint\",\"urlTemplate\":\"https:\/\/nektart.com\/?s={search_term_string}\"},\"query-input\":{\"@type\":\"PropertyValueSpecification\",\"valueRequired\":true,\"valueName\":\"search_term_string\"}}],\"inLanguage\":\"en-US\"},{\"@type\":\"Organization\",\"@id\":\"https:\/\/nektart.com\/#organization\",\"name\":\"Nektart\",\"url\":\"https:\/\/nektart.com\/\",\"logo\":{\"@type\":\"ImageObject\",\"inLanguage\":\"en-US\",\"@id\":\"https:\/\/nektart.com\/#\/schema\/logo\/image\/\",\"url\":\"https:\/\/nektart.com\/wp-content\/uploads\/2025\/04\/ico_nektart-1.png\",\"contentUrl\":\"https:\/\/nektart.com\/wp-content\/uploads\/2025\/04\/ico_nektart-1.png\",\"width\":236,\"height\":236,\"caption\":\"Nektart\"},\"image\":{\"@id\":\"https:\/\/nektart.com\/#\/schema\/logo\/image\/\"},\"sameAs\":[\"https:\/\/www.instagram.com\/_nektart_\/\"]}]}<\/script>\n<!-- \/ Yoast SEO plugin. -->","yoast_head_json":{"title":"Services - Nektart","description":"D\u00e9couvrez les services de Nektart : IA g\u00e9n\u00e9rative, 3D Lookdev, imagerie scientifique et impression murale. Des solutions visuelles innovantes pour les entreprises et la recherche.","robots":{"index":"index","follow":"follow","max-snippet":"max-snippet:-1","max-image-preview":"max-image-preview:large","max-video-preview":"max-video-preview:-1"},"canonical":"https:\/\/nektart.com\/index.php\/services\/","og_locale":"en_US","og_type":"article","og_title":"Services - Nektart","og_description":"D\u00e9couvrez les services de Nektart : IA g\u00e9n\u00e9rative, 3D Lookdev, imagerie scientifique et impression murale. Des solutions visuelles innovantes pour les entreprises et la recherche.","og_url":"https:\/\/nektart.com\/index.php\/services\/","og_site_name":"Nektart","article_modified_time":"2026-01-20T08:32:50+00:00","twitter_card":"summary_large_image","schema":{"@context":"https:\/\/schema.org","@graph":[{"@type":"WebPage","@id":"https:\/\/nektart.com\/index.php\/services\/","url":"https:\/\/nektart.com\/index.php\/services\/","name":"Services - Nektart","isPartOf":{"@id":"https:\/\/nektart.com\/#website"},"datePublished":"2025-05-22T11:16:45+00:00","dateModified":"2026-01-20T08:32:50+00:00","description":"D\u00e9couvrez les services de Nektart : IA g\u00e9n\u00e9rative, 3D Lookdev, imagerie scientifique et impression murale. Des solutions visuelles innovantes pour les entreprises et la recherche.","breadcrumb":{"@id":"https:\/\/nektart.com\/index.php\/services\/#breadcrumb"},"inLanguage":"en-US","potentialAction":[{"@type":"ReadAction","target":["https:\/\/nektart.com\/index.php\/services\/"]}]},{"@type":"BreadcrumbList","@id":"https:\/\/nektart.com\/index.php\/services\/#breadcrumb","itemListElement":[{"@type":"ListItem","position":1,"name":"Home","item":"https:\/\/nektart.com\/"},{"@type":"ListItem","position":2,"name":"Services"}]},{"@type":"WebSite","@id":"https:\/\/nektart.com\/#website","url":"https:\/\/nektart.com\/","name":"Nektart","description":"Dreaming Art","publisher":{"@id":"https:\/\/nektart.com\/#organization"},"potentialAction":[{"@type":"SearchAction","target":{"@type":"EntryPoint","urlTemplate":"https:\/\/nektart.com\/?s={search_term_string}"},"query-input":{"@type":"PropertyValueSpecification","valueRequired":true,"valueName":"search_term_string"}}],"inLanguage":"en-US"},{"@type":"Organization","@id":"https:\/\/nektart.com\/#organization","name":"Nektart","url":"https:\/\/nektart.com\/","logo":{"@type":"ImageObject","inLanguage":"en-US","@id":"https:\/\/nektart.com\/#\/schema\/logo\/image\/","url":"https:\/\/nektart.com\/wp-content\/uploads\/2025\/04\/ico_nektart-1.png","contentUrl":"https:\/\/nektart.com\/wp-content\/uploads\/2025\/04\/ico_nektart-1.png","width":236,"height":236,"caption":"Nektart"},"image":{"@id":"https:\/\/nektart.com\/#\/schema\/logo\/image\/"},"sameAs":["https:\/\/www.instagram.com\/_nektart_\/"]}]}},"_links":{"self":[{"href":"https:\/\/nektart.com\/index.php\/wp-json\/wp\/v2\/pages\/1233","targetHints":{"allow":["GET"]}}],"collection":[{"href":"https:\/\/nektart.com\/index.php\/wp-json\/wp\/v2\/pages"}],"about":[{"href":"https:\/\/nektart.com\/index.php\/wp-json\/wp\/v2\/types\/page"}],"author":[{"embeddable":true,"href":"https:\/\/nektart.com\/index.php\/wp-json\/wp\/v2\/users\/1"}],"replies":[{"embeddable":true,"href":"https:\/\/nektart.com\/index.php\/wp-json\/wp\/v2\/comments?post=1233"}],"version-history":[{"count":63,"href":"https:\/\/nektart.com\/index.php\/wp-json\/wp\/v2\/pages\/1233\/revisions"}],"predecessor-version":[{"id":2723,"href":"https:\/\/nektart.com\/index.php\/wp-json\/wp\/v2\/pages\/1233\/revisions\/2723"}],"wp:attachment":[{"href":"https:\/\/nektart.com\/index.php\/wp-json\/wp\/v2\/media?parent=1233"}],"curies":[{"name":"wp","href":"https:\/\/api.w.org\/{rel}","templated":true}]}}